{"id":1409,"date":"2015-02-01T18:58:17","date_gmt":"2015-02-01T18:58:17","guid":{"rendered":"http:\/\/gdeltheil.com\/?page_id=1409"},"modified":"2026-03-10T23:57:00","modified_gmt":"2026-03-10T22:57:00","slug":"oradour-sur-glane","status":"publish","type":"page","link":"https:\/\/gdeltheil.com\/?page_id=1409","title":{"rendered":"<H7><font color=\"Light brown\"><strong>Oradour Sur Glane<\/Light brown><Font color=\"White\"> 87520-Le Massacre de la Division Allemande SS Das Reich<\/font><\/strong><\/H7>"},"content":{"rendered":"<figure id=\"attachment_4381\" aria-describedby=\"caption-attachment-4381\" style=\"width: 900px\" class=\"wp-caption aligncenter\"><a href=\"https:\/\/gdeltheil.com\/wp-content\/uploads\/2015\/02\/Oradour-sur-Glane-0035-e1478128229135.jpg\"><img loading=\"lazy\" decoding=\"async\" class=\"size-full wp-image-4381\" src=\"https:\/\/gdeltheil.com\/wp-content\/uploads\/2015\/02\/Oradour-sur-Glane-0035-e1478128229135.jpg\" alt=\"\" width=\"900\" height=\"675\"\/><\/a><figcaption id=\"caption-attachment-4381\" class=\"wp-caption-text\">Oradour-sur-Glane<\/figcaption><\/figure>\n<h3 style=\"text-align: center;\">Oradour-sur-Glane<\/h3>\n<p><strong>J\u2019ai visit\u00e9 Oradour sur Glane. En marchant dans ce village, j\u2019ai \u00e9t\u00e9 profond\u00e9ment troubl\u00e9 par les vestiges, t\u00e9moins d\u2019un massacre , d&rsquo;une violence inou\u00efe. <\/strong><br \/>\n<strong>Ceci restera \u00e0 jamais grav\u00e9 dans ma m\u00e9moire avec le souhait que cette horreur ne revienne jamais.<\/strong><\/p>\n<h3 style=\"text-align: center;\"><strong>Le massacre d&rsquo;Oradour-sur-Glane<\/strong><\/h3>\n<p style=\"text-align: justify;\">Le matin du 10 juin 1944, des chenillettes charg\u00e9es de soldats allemands s&rsquo;arr\u00eatent \u00e0 Oradour-sur-Glane. Cette bourgade paisible, proche de Limoges, compte au total 1200 habitants.<br \/>\nLa compagnie qui vient d&rsquo;y p\u00e9n\u00e9trer appartient \u00e0 la division SS Das Reich du g\u00e9n\u00e9ral Lammerding qui a, la veille, pendu 99 otages dans la ville voisine de Tulle.<br \/>\nLes Allemands ont \u00e9t\u00e9 attaqu\u00e9s dans les jours pr\u00e9c\u00e9dents par les maquisards qui veulent freiner leur remont\u00e9e vers la Normandie o\u00f9 les Alli\u00e9s viennent de d\u00e9barquer. En guise de repr\u00e9sailles, le g\u00e9n\u00e9ral Lammerding ordonne \u00e0 la compagnie de d\u00e9truire Oradour-sur-Glane. La compagnie SS compte environ 120 hommes qui se sont d\u00e9j\u00e0 illustr\u00e9s en Russie dans l&rsquo;extermination des populations civiles.<br \/>\nEn d\u00e9but d&rsquo;apr\u00e8s-midi, le bourg est cern\u00e9 et la population rassembl\u00e9e sur le champ de foire sous le pr\u00e9texte d&rsquo;une v\u00e9rification d&rsquo;identit\u00e9, sans oublier les enfants des \u00e9coles.<br \/>\nLes SS agissent dans le calme et la population s&rsquo;ex\u00e9cute sans broncher.<br \/>\nLes hommes sont s\u00e9par\u00e9s des femmes et des enfants. Ils sont divis\u00e9s en six groupes et enferm\u00e9s dans des granges, sous la menace de mitraillettes. Vers 16 heures, les SS tirent des rafales et tuent les malheureux en quelques secondes. Puis ils mettent le feu aux granges bourr\u00e9es de foin et de paille o\u00f9 gisent les cadavres.<br \/>\nPendant ce temps, les femmes et les enfants sont enferm\u00e9s dans l&rsquo;\u00e9glise et des SS y d\u00e9posent une caisse d&rsquo;explosifs et de la paille. Le feu commence de ravager l&rsquo;\u00e9difice. Pour s&rsquo;assurer de l&rsquo;extermination de tous les occupants, les SS leur tirent dessus.<br \/>\nLeur forfait accompli, ils pillent le village et ach\u00e8vent de l&rsquo;incendier. Au total, ils laissent 642 victimes. Parmi elles 246 femmes et 207 enfants, dont 6 de moins de 6 mois, br\u00fbl\u00e9s dans l&rsquo;\u00e9glise.<\/p>\n<p style=\"text-align: center;\"><strong><span style=\"color: #692d2d;\">Oradour-sur-Glane est devenu en Europe occidentale le symbole de la barbarie nazie.<\/span><\/strong><\/p>\n<p style=\"text-align: left;\"><em><b><span style=\"color: #15ff2b;\">Voir les photos ci-dessous&nbsp;:<\/span><\/b><\/em><\/p>\n<p style=\"text-align: left;\"><em><b><span style=\"color: #15ff2b;\">Pour les faire d\u00e9filer : cliquer sur la 1\u00e8re photo pour d\u00e9clencher un diaporama de ces images.&nbsp; <\/span><\/b><\/em><\/p>\n<p style=\"text-align: left;\"><em><b><span style=\"color: #15ff2b;\">Pour revenir \u00e0 la page des photos cliquer sur la croix blanche en haut \u00e0 droite de la photo ou sur la touche \u00ab&nbsp;Echap&nbsp;\u00bb du clavier.<\/span><\/b><\/em><\/p>\n<p style=\"text-align: left;\">&nbsp;<\/p>\n<div id='gallery-1' class='gallery galleryid-1409 gallery-columns-3 gallery-size-thumbnail'><figure class='gallery-item'>\n\t\t\t<div class='gallery-icon landscape'>\n\t\t\t\t<a href='https:\/\/gdeltheil.com\/?attachment_id=4351'><img loading=\"lazy\" decoding=\"async\" width=\"300\" height=\"300\" src=\"https:\/\/gdeltheil.com\/wp-content\/uploads\/2015\/02\/Oradour-sur-Glane-0003-300x300.jpg\" class=\"attachment-thumbnail size-thumbnail\" alt=\"Oradour-sur-Glane\" aria-describedby=\"gallery-1-4351\" \/><\/a>\n\t\t\t<\/div>\n\t\t\t\t<figcaption class='wp-caption-text gallery-caption' id='gallery-1-4351'>\n\t\t\t\tOradour-sur-Glane\n\t\t\t\t<\/figcaption><\/figure><figure class='gallery-item'>\n\t\t\t<div class='gallery-icon landscape'>\n\t\t\t\t<a href='https:\/\/gdeltheil.com\/?attachment_id=4352'><img loading=\"lazy\" decoding=\"async\" width=\"300\" height=\"300\" src=\"https:\/\/gdeltheil.com\/wp-content\/uploads\/2015\/02\/Oradour-sur-Glane-0004-d-300x300.jpg\" class=\"attachment-thumbnail size-thumbnail\" alt=\"\" aria-describedby=\"gallery-1-4352\" \/><\/a>\n\t\t\t<\/div>\n\t\t\t\t<figcaption class='wp-caption-text gallery-caption' id='gallery-1-4352'>\n\t\t\t\tOradour-sur-Glane\n\t\t\t\t<\/figcaption><\/figure><figure class='gallery-item'>\n\t\t\t<div class='gallery-icon landscape'>\n\t\t\t\t<a href='https:\/\/gdeltheil.com\/?attachment_id=4386'><img loading=\"lazy\" decoding=\"async\" width=\"300\" height=\"300\" src=\"https:\/\/gdeltheil.com\/wp-content\/uploads\/2015\/02\/Oradour-sur-Glane-0040-300x300.jpg\" class=\"attachment-thumbnail size-thumbnail\" alt=\"\" aria-describedby=\"gallery-1-4386\" \/><\/a>\n\t\t\t<\/div>\n\t\t\t\t<figcaption class='wp-caption-text gallery-caption' id='gallery-1-4386'>\n\t\t\t\tOradour-sur-Glane\n\t\t\t\t<\/figcaption><\/figure><figure class='gallery-item'>\n\t\t\t<div class='gallery-icon landscape'>\n\t\t\t\t<a href='https:\/\/gdeltheil.com\/?attachment_id=4385'><img loading=\"lazy\" decoding=\"async\" width=\"300\" height=\"300\" src=\"https:\/\/gdeltheil.com\/wp-content\/uploads\/2015\/02\/Oradour-sur-Glane-0039-300x300.jpg\" class=\"attachment-thumbnail size-thumbnail\" alt=\"\" aria-describedby=\"gallery-1-4385\" \/><\/a>\n\t\t\t<\/div>\n\t\t\t\t<figcaption class='wp-caption-text gallery-caption' id='gallery-1-4385'>\n\t\t\t\tOradour-sur-Glane\n\t\t\t\t<\/figcaption><\/figure><figure class='gallery-item'>\n\t\t\t<div class='gallery-icon landscape'>\n\t\t\t\t<a href='https:\/\/gdeltheil.com\/?attachment_id=4384'><img loading=\"lazy\" decoding=\"async\" width=\"300\" height=\"300\" src=\"https:\/\/gdeltheil.com\/wp-content\/uploads\/2015\/02\/Oradour-sur-Glane-0038-300x300.jpg\" class=\"attachment-thumbnail size-thumbnail\" alt=\"\" aria-describedby=\"gallery-1-4384\" \/><\/a>\n\t\t\t<\/div>\n\t\t\t\t<figcaption class='wp-caption-text gallery-caption' id='gallery-1-4384'>\n\t\t\t\tOradour-sur-Glane\n\t\t\t\t<\/figcaption><\/figure><figure class='gallery-item'>\n\t\t\t<div class='gallery-icon landscape'>\n\t\t\t\t<a href='https:\/\/gdeltheil.com\/?attachment_id=4383'><img loading=\"lazy\" decoding=\"async\" width=\"300\" height=\"300\" src=\"https:\/\/gdeltheil.com\/wp-content\/uploads\/2015\/02\/Oradour-sur-Glane-0037-300x300.jpg\" class=\"attachment-thumbnail size-thumbnail\" alt=\"\" aria-describedby=\"gallery-1-4383\" \/><\/a>\n\t\t\t<\/div>\n\t\t\t\t<figcaption class='wp-caption-text gallery-caption' id='gallery-1-4383'>\n\t\t\t\tOradour-sur-Glane\n\t\t\t\t<\/figcaption><\/figure><figure class='gallery-item'>\n\t\t\t<div class='gallery-icon landscape'>\n\t\t\t\t<a href='https:\/\/gdeltheil.com\/?attachment_id=4382'><img loading=\"lazy\" decoding=\"async\" width=\"300\" height=\"300\" src=\"https:\/\/gdeltheil.com\/wp-content\/uploads\/2015\/02\/Oradour-sur-Glane-0036-300x300.jpg\" class=\"attachment-thumbnail size-thumbnail\" alt=\"\" aria-describedby=\"gallery-1-4382\" \/><\/a>\n\t\t\t<\/div>\n\t\t\t\t<figcaption class='wp-caption-text gallery-caption' id='gallery-1-4382'>\n\t\t\t\tOradour-sur-Glane\n\t\t\t\t<\/figcaption><\/figure><figure class='gallery-item'>\n\t\t\t<div class='gallery-icon landscape'>\n\t\t\t\t<a href='https:\/\/gdeltheil.com\/?attachment_id=4381'><img loading=\"lazy\" decoding=\"async\" width=\"300\" height=\"300\" src=\"https:\/\/gdeltheil.com\/wp-content\/uploads\/2015\/02\/Oradour-sur-Glane-0035-300x300.jpg\" class=\"attachment-thumbnail size-thumbnail\" alt=\"\" aria-describedby=\"gallery-1-4381\" \/><\/a>\n\t\t\t<\/div>\n\t\t\t\t<figcaption class='wp-caption-text gallery-caption' id='gallery-1-4381'>\n\t\t\t\tOradour-sur-Glane\n\t\t\t\t<\/figcaption><\/figure><figure class='gallery-item'>\n\t\t\t<div class='gallery-icon landscape'>\n\t\t\t\t<a href='https:\/\/gdeltheil.com\/?attachment_id=4380'><img loading=\"lazy\" decoding=\"async\" width=\"300\" height=\"300\" src=\"https:\/\/gdeltheil.com\/wp-content\/uploads\/2015\/02\/Oradour-sur-Glane-0034-300x300.jpg\" class=\"attachment-thumbnail size-thumbnail\" alt=\"\" aria-describedby=\"gallery-1-4380\" \/><\/a>\n\t\t\t<\/div>\n\t\t\t\t<figcaption class='wp-caption-text gallery-caption' id='gallery-1-4380'>\n\t\t\t\tOradour-sur-Glane\n\t\t\t\t<\/figcaption><\/figure><figure class='gallery-item'>\n\t\t\t<div class='gallery-icon portrait'>\n\t\t\t\t<a href='https:\/\/gdeltheil.com\/?attachment_id=4379'><img loading=\"lazy\" decoding=\"async\" width=\"300\" height=\"300\" src=\"https:\/\/gdeltheil.com\/wp-content\/uploads\/2015\/02\/Oradour-sur-Glane-0033-e1469832527599-300x300.jpg\" class=\"attachment-thumbnail size-thumbnail\" alt=\"\" aria-describedby=\"gallery-1-4379\" \/><\/a>\n\t\t\t<\/div>\n\t\t\t\t<figcaption class='wp-caption-text gallery-caption' id='gallery-1-4379'>\n\t\t\t\tOradour-sur-Glane\n\t\t\t\t<\/figcaption><\/figure><figure class='gallery-item'>\n\t\t\t<div class='gallery-icon portrait'>\n\t\t\t\t<a href='https:\/\/gdeltheil.com\/?attachment_id=4378'><img loading=\"lazy\" decoding=\"async\" width=\"300\" height=\"300\" src=\"https:\/\/gdeltheil.com\/wp-content\/uploads\/2015\/02\/Oradour-sur-Glane-0032-e1469832542792-300x300.jpg\" class=\"attachment-thumbnail size-thumbnail\" alt=\"\" aria-describedby=\"gallery-1-4378\" \/><\/a>\n\t\t\t<\/div>\n\t\t\t\t<figcaption class='wp-caption-text gallery-caption' id='gallery-1-4378'>\n\t\t\t\tOradour-sur-Glane\n\t\t\t\t<\/figcaption><\/figure><figure class='gallery-item'>\n\t\t\t<div class='gallery-icon portrait'>\n\t\t\t\t<a href='https:\/\/gdeltheil.com\/?attachment_id=4377'><img loading=\"lazy\" decoding=\"async\" width=\"300\" height=\"300\" src=\"https:\/\/gdeltheil.com\/wp-content\/uploads\/2015\/02\/Oradour-sur-Glane-0031-300x300.jpg\" class=\"attachment-thumbnail size-thumbnail\" alt=\"\" aria-describedby=\"gallery-1-4377\" \/><\/a>\n\t\t\t<\/div>\n\t\t\t\t<figcaption class='wp-caption-text gallery-caption' id='gallery-1-4377'>\n\t\t\t\tOradour-sur-Glane\n\t\t\t\t<\/figcaption><\/figure><figure class='gallery-item'>\n\t\t\t<div class='gallery-icon portrait'>\n\t\t\t\t<a href='https:\/\/gdeltheil.com\/?attachment_id=4376'><img loading=\"lazy\" decoding=\"async\" width=\"300\" height=\"300\" src=\"https:\/\/gdeltheil.com\/wp-content\/uploads\/2015\/02\/Oradour-sur-Glane-0030-300x300.jpg\" class=\"attachment-thumbnail size-thumbnail\" alt=\"\" aria-describedby=\"gallery-1-4376\" \/><\/a>\n\t\t\t<\/div>\n\t\t\t\t<figcaption class='wp-caption-text gallery-caption' id='gallery-1-4376'>\n\t\t\t\tOradour-sur-Glane\n\t\t\t\t<\/figcaption><\/figure><figure class='gallery-item'>\n\t\t\t<div class='gallery-icon landscape'>\n\t\t\t\t<a href='https:\/\/gdeltheil.com\/?attachment_id=4375'><img loading=\"lazy\" decoding=\"async\" width=\"300\" height=\"300\" src=\"https:\/\/gdeltheil.com\/wp-content\/uploads\/2015\/02\/Oradour-sur-Glane-0029-300x300.jpg\" class=\"attachment-thumbnail size-thumbnail\" alt=\"\" aria-describedby=\"gallery-1-4375\" \/><\/a>\n\t\t\t<\/div>\n\t\t\t\t<figcaption class='wp-caption-text gallery-caption' id='gallery-1-4375'>\n\t\t\t\tOradour-sur-Glane\n\t\t\t\t<\/figcaption><\/figure><figure class='gallery-item'>\n\t\t\t<div class='gallery-icon portrait'>\n\t\t\t\t<a href='https:\/\/gdeltheil.com\/?attachment_id=4374'><img loading=\"lazy\" decoding=\"async\" width=\"300\" height=\"300\" src=\"https:\/\/gdeltheil.com\/wp-content\/uploads\/2015\/02\/Oradour-sur-Glane-0028-e1469832610176-300x300.jpg\" class=\"attachment-thumbnail size-thumbnail\" alt=\"\" aria-describedby=\"gallery-1-4374\" \/><\/a>\n\t\t\t<\/div>\n\t\t\t\t<figcaption class='wp-caption-text gallery-caption' id='gallery-1-4374'>\n\t\t\t\tOradour-sur-Glane\n\t\t\t\t<\/figcaption><\/figure><figure class='gallery-item'>\n\t\t\t<div class='gallery-icon landscape'>\n\t\t\t\t<a href='https:\/\/gdeltheil.com\/?attachment_id=4373'><img loading=\"lazy\" decoding=\"async\" width=\"300\" height=\"300\" src=\"https:\/\/gdeltheil.com\/wp-content\/uploads\/2015\/02\/Oradour-sur-Glane-0027-300x300.jpg\" class=\"attachment-thumbnail size-thumbnail\" alt=\"\" aria-describedby=\"gallery-1-4373\" \/><\/a>\n\t\t\t<\/div>\n\t\t\t\t<figcaption class='wp-caption-text gallery-caption' id='gallery-1-4373'>\n\t\t\t\tOradour-sur-Glane\n\t\t\t\t<\/figcaption><\/figure><figure class='gallery-item'>\n\t\t\t<div class='gallery-icon landscape'>\n\t\t\t\t<a href='https:\/\/gdeltheil.com\/?attachment_id=4372'><img loading=\"lazy\" decoding=\"async\" width=\"300\" height=\"300\" src=\"https:\/\/gdeltheil.com\/wp-content\/uploads\/2015\/02\/Oradour-sur-Glane-0026-300x300.jpg\" class=\"attachment-thumbnail size-thumbnail\" alt=\"\" aria-describedby=\"gallery-1-4372\" \/><\/a>\n\t\t\t<\/div>\n\t\t\t\t<figcaption class='wp-caption-text gallery-caption' id='gallery-1-4372'>\n\t\t\t\tOradour-sur-Glane\n\t\t\t\t<\/figcaption><\/figure><figure class='gallery-item'>\n\t\t\t<div class='gallery-icon landscape'>\n\t\t\t\t<a href='https:\/\/gdeltheil.com\/?attachment_id=4371'><img loading=\"lazy\" decoding=\"async\" width=\"300\" height=\"300\" src=\"https:\/\/gdeltheil.com\/wp-content\/uploads\/2015\/02\/Oradour-sur-Glane-0023-300x300.jpg\" class=\"attachment-thumbnail size-thumbnail\" alt=\"\" aria-describedby=\"gallery-1-4371\" \/><\/a>\n\t\t\t<\/div>\n\t\t\t\t<figcaption class='wp-caption-text gallery-caption' id='gallery-1-4371'>\n\t\t\t\tOradour-sur-Glane\n\t\t\t\t<\/figcaption><\/figure><figure class='gallery-item'>\n\t\t\t<div class='gallery-icon landscape'>\n\t\t\t\t<a href='https:\/\/gdeltheil.com\/?attachment_id=4370'><img loading=\"lazy\" decoding=\"async\" width=\"300\" height=\"300\" src=\"https:\/\/gdeltheil.com\/wp-content\/uploads\/2015\/02\/Oradour-sur-Glane-0022-300x300.jpg\" class=\"attachment-thumbnail size-thumbnail\" alt=\"\" aria-describedby=\"gallery-1-4370\" \/><\/a>\n\t\t\t<\/div>\n\t\t\t\t<figcaption class='wp-caption-text gallery-caption' id='gallery-1-4370'>\n\t\t\t\tOradour-sur-Glane\n\t\t\t\t<\/figcaption><\/figure><figure class='gallery-item'>\n\t\t\t<div class='gallery-icon landscape'>\n\t\t\t\t<a href='https:\/\/gdeltheil.com\/?attachment_id=4369'><img loading=\"lazy\" decoding=\"async\" width=\"300\" height=\"300\" src=\"https:\/\/gdeltheil.com\/wp-content\/uploads\/2015\/02\/Oradour-sur-Glane-0021-300x300.jpg\" class=\"attachment-thumbnail size-thumbnail\" alt=\"\" aria-describedby=\"gallery-1-4369\" \/><\/a>\n\t\t\t<\/div>\n\t\t\t\t<figcaption class='wp-caption-text gallery-caption' id='gallery-1-4369'>\n\t\t\t\tOradour-sur-Glane\n\t\t\t\t<\/figcaption><\/figure><figure class='gallery-item'>\n\t\t\t<div class='gallery-icon landscape'>\n\t\t\t\t<a href='https:\/\/gdeltheil.com\/?attachment_id=4368'><img loading=\"lazy\" decoding=\"async\" width=\"300\" height=\"300\" src=\"https:\/\/gdeltheil.com\/wp-content\/uploads\/2015\/02\/Oradour-sur-Glane-0020-300x300.jpg\" class=\"attachment-thumbnail size-thumbnail\" alt=\"\" aria-describedby=\"gallery-1-4368\" \/><\/a>\n\t\t\t<\/div>\n\t\t\t\t<figcaption class='wp-caption-text gallery-caption' id='gallery-1-4368'>\n\t\t\t\tOradour-sur-Glane\n\t\t\t\t<\/figcaption><\/figure><figure class='gallery-item'>\n\t\t\t<div class='gallery-icon landscape'>\n\t\t\t\t<a href='https:\/\/gdeltheil.com\/?attachment_id=4367'><img loading=\"lazy\" decoding=\"async\" width=\"300\" height=\"300\" src=\"https:\/\/gdeltheil.com\/wp-content\/uploads\/2015\/02\/Oradour-sur-Glane-0019-300x300.jpg\" class=\"attachment-thumbnail size-thumbnail\" alt=\"\" aria-describedby=\"gallery-1-4367\" \/><\/a>\n\t\t\t<\/div>\n\t\t\t\t<figcaption class='wp-caption-text gallery-caption' id='gallery-1-4367'>\n\t\t\t\tOradour-sur-Glane\n\t\t\t\t<\/figcaption><\/figure><figure class='gallery-item'>\n\t\t\t<div class='gallery-icon landscape'>\n\t\t\t\t<a href='https:\/\/gdeltheil.com\/?attachment_id=4366'><img loading=\"lazy\" decoding=\"async\" width=\"300\" height=\"300\" src=\"https:\/\/gdeltheil.com\/wp-content\/uploads\/2015\/02\/Oradour-sur-Glane-0018-300x300.jpg\" class=\"attachment-thumbnail size-thumbnail\" alt=\"\" aria-describedby=\"gallery-1-4366\" \/><\/a>\n\t\t\t<\/div>\n\t\t\t\t<figcaption class='wp-caption-text gallery-caption' id='gallery-1-4366'>\n\t\t\t\tOradour-sur-Glane\n\t\t\t\t<\/figcaption><\/figure><figure class='gallery-item'>\n\t\t\t<div class='gallery-icon landscape'>\n\t\t\t\t<a href='https:\/\/gdeltheil.com\/?attachment_id=4365'><img loading=\"lazy\" decoding=\"async\" width=\"300\" height=\"300\" src=\"https:\/\/gdeltheil.com\/wp-content\/uploads\/2015\/02\/Oradour-sur-Glane-0017-300x300.jpg\" class=\"attachment-thumbnail size-thumbnail\" alt=\"\" aria-describedby=\"gallery-1-4365\" \/><\/a>\n\t\t\t<\/div>\n\t\t\t\t<figcaption class='wp-caption-text gallery-caption' id='gallery-1-4365'>\n\t\t\t\tOradour-sur-Glane\n\t\t\t\t<\/figcaption><\/figure><figure class='gallery-item'>\n\t\t\t<div class='gallery-icon landscape'>\n\t\t\t\t<a href='https:\/\/gdeltheil.com\/?attachment_id=4364'><img loading=\"lazy\" decoding=\"async\" width=\"300\" height=\"300\" src=\"https:\/\/gdeltheil.com\/wp-content\/uploads\/2015\/02\/Oradour-sur-Glane-0016-300x300.jpg\" class=\"attachment-thumbnail size-thumbnail\" alt=\"\" aria-describedby=\"gallery-1-4364\" \/><\/a>\n\t\t\t<\/div>\n\t\t\t\t<figcaption class='wp-caption-text gallery-caption' id='gallery-1-4364'>\n\t\t\t\tOradour-sur-Glane\n\t\t\t\t<\/figcaption><\/figure><figure class='gallery-item'>\n\t\t\t<div class='gallery-icon landscape'>\n\t\t\t\t<a href='https:\/\/gdeltheil.com\/?attachment_id=4363'><img loading=\"lazy\" decoding=\"async\" width=\"300\" height=\"300\" src=\"https:\/\/gdeltheil.com\/wp-content\/uploads\/2015\/02\/Oradour-sur-Glane-0015-300x300.jpg\" class=\"attachment-thumbnail size-thumbnail\" alt=\"\" aria-describedby=\"gallery-1-4363\" \/><\/a>\n\t\t\t<\/div>\n\t\t\t\t<figcaption class='wp-caption-text gallery-caption' id='gallery-1-4363'>\n\t\t\t\tOradour-sur-Glane\n\t\t\t\t<\/figcaption><\/figure><figure class='gallery-item'>\n\t\t\t<div class='gallery-icon landscape'>\n\t\t\t\t<a href='https:\/\/gdeltheil.com\/?attachment_id=4362'><img loading=\"lazy\" decoding=\"async\" width=\"300\" height=\"300\" src=\"https:\/\/gdeltheil.com\/wp-content\/uploads\/2015\/02\/Oradour-sur-Glane-0014-300x300.jpg\" class=\"attachment-thumbnail size-thumbnail\" alt=\"\" aria-describedby=\"gallery-1-4362\" \/><\/a>\n\t\t\t<\/div>\n\t\t\t\t<figcaption class='wp-caption-text gallery-caption' id='gallery-1-4362'>\n\t\t\t\tOradour-sur-Glane\n\t\t\t\t<\/figcaption><\/figure><figure class='gallery-item'>\n\t\t\t<div class='gallery-icon landscape'>\n\t\t\t\t<a href='https:\/\/gdeltheil.com\/?attachment_id=4361'><img loading=\"lazy\" decoding=\"async\" width=\"300\" height=\"300\" src=\"https:\/\/gdeltheil.com\/wp-content\/uploads\/2015\/02\/Oradour-sur-Glane-0013-300x300.jpg\" class=\"attachment-thumbnail size-thumbnail\" alt=\"\" aria-describedby=\"gallery-1-4361\" \/><\/a>\n\t\t\t<\/div>\n\t\t\t\t<figcaption class='wp-caption-text gallery-caption' id='gallery-1-4361'>\n\t\t\t\tOradour-sur-Glane\n\t\t\t\t<\/figcaption><\/figure><figure class='gallery-item'>\n\t\t\t<div class='gallery-icon landscape'>\n\t\t\t\t<a href='https:\/\/gdeltheil.com\/?attachment_id=4360'><img loading=\"lazy\" decoding=\"async\" width=\"300\" height=\"300\" src=\"https:\/\/gdeltheil.com\/wp-content\/uploads\/2015\/02\/Oradour-sur-Glane-0012-300x300.jpg\" class=\"attachment-thumbnail size-thumbnail\" alt=\"\" aria-describedby=\"gallery-1-4360\" \/><\/a>\n\t\t\t<\/div>\n\t\t\t\t<figcaption class='wp-caption-text gallery-caption' id='gallery-1-4360'>\n\t\t\t\tOradour-sur-Glane\n\t\t\t\t<\/figcaption><\/figure><figure class='gallery-item'>\n\t\t\t<div class='gallery-icon landscape'>\n\t\t\t\t<a href='https:\/\/gdeltheil.com\/?attachment_id=4359'><img loading=\"lazy\" decoding=\"async\" width=\"300\" height=\"300\" src=\"https:\/\/gdeltheil.com\/wp-content\/uploads\/2015\/02\/Oradour-sur-Glane-0011-300x300.jpg\" class=\"attachment-thumbnail size-thumbnail\" alt=\"\" aria-describedby=\"gallery-1-4359\" \/><\/a>\n\t\t\t<\/div>\n\t\t\t\t<figcaption class='wp-caption-text gallery-caption' id='gallery-1-4359'>\n\t\t\t\tOradour-sur-Glane\n\t\t\t\t<\/figcaption><\/figure><figure class='gallery-item'>\n\t\t\t<div class='gallery-icon landscape'>\n\t\t\t\t<a href='https:\/\/gdeltheil.com\/?attachment_id=4358'><img loading=\"lazy\" decoding=\"async\" width=\"300\" height=\"300\" src=\"https:\/\/gdeltheil.com\/wp-content\/uploads\/2015\/02\/Oradour-sur-Glane-0010-300x300.jpg\" class=\"attachment-thumbnail size-thumbnail\" alt=\"\" aria-describedby=\"gallery-1-4358\" \/><\/a>\n\t\t\t<\/div>\n\t\t\t\t<figcaption class='wp-caption-text gallery-caption' id='gallery-1-4358'>\n\t\t\t\tOradour-sur-Glane\n\t\t\t\t<\/figcaption><\/figure><figure class='gallery-item'>\n\t\t\t<div class='gallery-icon landscape'>\n\t\t\t\t<a href='https:\/\/gdeltheil.com\/?attachment_id=4357'><img loading=\"lazy\" decoding=\"async\" width=\"300\" height=\"300\" src=\"https:\/\/gdeltheil.com\/wp-content\/uploads\/2015\/02\/Oradour-sur-Glane-0009-300x300.jpg\" class=\"attachment-thumbnail size-thumbnail\" alt=\"\" aria-describedby=\"gallery-1-4357\" \/><\/a>\n\t\t\t<\/div>\n\t\t\t\t<figcaption class='wp-caption-text gallery-caption' id='gallery-1-4357'>\n\t\t\t\tOradour-sur-Glane\n\t\t\t\t<\/figcaption><\/figure><figure class='gallery-item'>\n\t\t\t<div class='gallery-icon landscape'>\n\t\t\t\t<a href='https:\/\/gdeltheil.com\/?attachment_id=4356'><img loading=\"lazy\" decoding=\"async\" width=\"300\" height=\"300\" src=\"https:\/\/gdeltheil.com\/wp-content\/uploads\/2015\/02\/Oradour-sur-Glane-0008-300x300.jpg\" class=\"attachment-thumbnail size-thumbnail\" alt=\"\" aria-describedby=\"gallery-1-4356\" \/><\/a>\n\t\t\t<\/div>\n\t\t\t\t<figcaption class='wp-caption-text gallery-caption' id='gallery-1-4356'>\n\t\t\t\tOradour-sur-Glane\n\t\t\t\t<\/figcaption><\/figure><figure class='gallery-item'>\n\t\t\t<div class='gallery-icon landscape'>\n\t\t\t\t<a href='https:\/\/gdeltheil.com\/?attachment_id=4355'><img loading=\"lazy\" decoding=\"async\" width=\"300\" height=\"300\" src=\"https:\/\/gdeltheil.com\/wp-content\/uploads\/2015\/02\/Oradour-sur-Glane-0007-300x300.jpg\" class=\"attachment-thumbnail size-thumbnail\" alt=\"\" aria-describedby=\"gallery-1-4355\" \/><\/a>\n\t\t\t<\/div>\n\t\t\t\t<figcaption class='wp-caption-text gallery-caption' id='gallery-1-4355'>\n\t\t\t\tOradour-sur-Glane\n\t\t\t\t<\/figcaption><\/figure><figure class='gallery-item'>\n\t\t\t<div class='gallery-icon landscape'>\n\t\t\t\t<a href='https:\/\/gdeltheil.com\/?attachment_id=4354'><img loading=\"lazy\" decoding=\"async\" width=\"300\" height=\"300\" src=\"https:\/\/gdeltheil.com\/wp-content\/uploads\/2015\/02\/Oradour-sur-Glane-0006-300x300.jpg\" class=\"attachment-thumbnail size-thumbnail\" alt=\"\" aria-describedby=\"gallery-1-4354\" \/><\/a>\n\t\t\t<\/div>\n\t\t\t\t<figcaption class='wp-caption-text gallery-caption' id='gallery-1-4354'>\n\t\t\t\tOradour-sur-Glane\n\t\t\t\t<\/figcaption><\/figure><figure class='gallery-item'>\n\t\t\t<div class='gallery-icon landscape'>\n\t\t\t\t<a href='https:\/\/gdeltheil.com\/?attachment_id=4353'><img loading=\"lazy\" decoding=\"async\" width=\"300\" height=\"300\" src=\"https:\/\/gdeltheil.com\/wp-content\/uploads\/2015\/02\/Oradour-sur-Glane-0005-300x300.jpg\" class=\"attachment-thumbnail size-thumbnail\" alt=\"Oradour-sur-Glane\" aria-describedby=\"gallery-1-4353\" \/><\/a>\n\t\t\t<\/div>\n\t\t\t\t<figcaption class='wp-caption-text gallery-caption' id='gallery-1-4353'>\n\t\t\t\tOradour-sur-GlaneOradour-sur-Glane\n\t\t\t\t<\/figcaption><\/figure>\n\t\t<\/div>\n\n<p>Views: 866<\/p>","protected":false},"excerpt":{"rendered":"<p>Oradour-sur-Glane J\u2019ai visit\u00e9 Oradour sur Glane. En marchant dans ce village, j\u2019ai \u00e9t\u00e9 profond\u00e9ment troubl\u00e9 par les vestiges, t\u00e9moins d\u2019un massacre , d&rsquo;une violence inou\u00efe. Ceci restera \u00e0 jamais grav\u00e9 dans ma m\u00e9moire avec le souhait que cette horreur ne revienne jamais. Le massacre d&rsquo;Oradour-sur-Glane Le matin du 10 juin 1944, des chenillettes charg\u00e9es de [&hellip;]<\/p>\n","protected":false},"author":1,"featured_media":4369,"parent":1165,"menu_order":0,"comment_status":"open","ping_status":"open","template":"","meta":{"_monsterinsights_skip_tracking":false,"_monsterinsights_sitenote_active":false,"_monsterinsights_sitenote_note":"","_monsterinsights_sitenote_category":0,"ngg_post_thumbnail":0,"footnotes":""},"class_list":["post-1409","page","type-page","status-publish","has-post-thumbnail","hentry","entry","has-media"],"_links":{"self":[{"href":"https:\/\/gdeltheil.com\/index.php?rest_route=\/wp\/v2\/pages\/1409","targetHints":{"allow":["GET"]}}],"collection":[{"href":"https:\/\/gdeltheil.com\/index.php?rest_route=\/wp\/v2\/pages"}],"about":[{"href":"https:\/\/gdeltheil.com\/index.php?rest_route=\/wp\/v2\/types\/page"}],"author":[{"embeddable":true,"href":"https:\/\/gdeltheil.com\/index.php?rest_route=\/wp\/v2\/users\/1"}],"replies":[{"embeddable":true,"href":"https:\/\/gdeltheil.com\/index.php?rest_route=%2Fwp%2Fv2%2Fcomments&post=1409"}],"version-history":[{"count":50,"href":"https:\/\/gdeltheil.com\/index.php?rest_route=\/wp\/v2\/pages\/1409\/revisions"}],"predecessor-version":[{"id":27923,"href":"https:\/\/gdeltheil.com\/index.php?rest_route=\/wp\/v2\/pages\/1409\/revisions\/27923"}],"up":[{"embeddable":true,"href":"https:\/\/gdeltheil.com\/index.php?rest_route=\/wp\/v2\/pages\/1165"}],"wp:featuredmedia":[{"embeddable":true,"href":"https:\/\/gdeltheil.com\/index.php?rest_route=\/wp\/v2\/media\/4369"}],"wp:attachment":[{"href":"https:\/\/gdeltheil.com\/index.php?rest_route=%2Fwp%2Fv2%2Fmedia&parent=1409"}],"curies":[{"name":"wp","href":"https:\/\/api.w.org\/{rel}","templated":true}]}}